{"id":26,"date":"2024-12-25T20:26:14","date_gmt":"2024-12-25T19:26:14","guid":{"rendered":"https:\/\/www.lucni-kviti.cz\/?page_id=26"},"modified":"2025-06-04T18:54:08","modified_gmt":"2025-06-04T16:54:08","slug":"galerie","status":"publish","type":"page","link":"https:\/\/www.lucni-kviti.cz\/?page_id=26","title":{"rendered":"Galerie &#8211; k\u011bten"},"content":{"rendered":"\n<h2 class=\"wp-block-heading\">Galerie: Kv\u011bten &#8211; \u010das pivon\u011bk<\/h2>\n\n\n\n<figure class=\"wp-block-image size-large\"><img loading=\"lazy\" decoding=\"async\" width=\"689\" height=\"1024\" src=\"https:\/\/www.lucni-kviti.cz\/wp-content\/uploads\/2025\/05\/pivonky_stracky_orez-689x1024.webp\" alt=\"\" class=\"wp-image-159\" srcset=\"https:\/\/www.lucni-kviti.cz\/wp-content\/uploads\/2025\/05\/pivonky_stracky_orez-689x1024.webp 689w, https:\/\/www.lucni-kviti.cz\/wp-content\/uploads\/2025\/05\/pivonky_stracky_orez-202x300.webp 202w, https:\/\/www.lucni-kviti.cz\/wp-content\/uploads\/2025\/05\/pivonky_stracky_orez-768x1141.webp 768w, https:\/\/www.lucni-kviti.cz\/wp-content\/uploads\/2025\/05\/pivonky_stracky_orez-1034x1536.webp 1034w, https:\/\/www.lucni-kviti.cz\/wp-content\/uploads\/2025\/05\/pivonky_stracky_orez-1379x2048.webp 1379w, https:\/\/www.lucni-kviti.cz\/wp-content\/uploads\/2025\/05\/pivonky_stracky_orez-scaled.webp 1723w\" sizes=\"auto, (max-width: 689px) 100vw, 689px\" \/><figcaption class=\"wp-element-caption\">Pivo\u0148ky a stra\u010dky<\/figcaption><\/figure>\n\n\n\n<figure class=\"wp-block-image size-large\"><img loading=\"lazy\" decoding=\"async\" width=\"576\" height=\"1024\" src=\"https:\/\/www.lucni-kviti.cz\/wp-content\/uploads\/2025\/05\/pivonky_salveje-576x1024.webp\" alt=\"\" class=\"wp-image-146\" srcset=\"https:\/\/www.lucni-kviti.cz\/wp-content\/uploads\/2025\/05\/pivonky_salveje-576x1024.webp 576w, https:\/\/www.lucni-kviti.cz\/wp-content\/uploads\/2025\/05\/pivonky_salveje-169x300.webp 169w, https:\/\/www.lucni-kviti.cz\/wp-content\/uploads\/2025\/05\/pivonky_salveje-768x1366.webp 768w, https:\/\/www.lucni-kviti.cz\/wp-content\/uploads\/2025\/05\/pivonky_salveje-863x1536.webp 863w, https:\/\/www.lucni-kviti.cz\/wp-content\/uploads\/2025\/05\/pivonky_salveje-1151x2048.webp 1151w, https:\/\/www.lucni-kviti.cz\/wp-content\/uploads\/2025\/05\/pivonky_salveje-scaled.webp 1439w\" sizes=\"auto, (max-width: 576px) 100vw, 576px\" \/><figcaption class=\"wp-element-caption\">Pivo\u0148ky a \u0161alv\u011bje<\/figcaption><\/figure>\n\n\n\n<figure class=\"wp-block-image size-large\"><img loading=\"lazy\" decoding=\"async\" width=\"576\" height=\"1024\" src=\"https:\/\/www.lucni-kviti.cz\/wp-content\/uploads\/2025\/05\/pivonky_ruze_kontryhel_1-576x1024.webp\" alt=\"\" class=\"wp-image-145\" srcset=\"https:\/\/www.lucni-kviti.cz\/wp-content\/uploads\/2025\/05\/pivonky_ruze_kontryhel_1-576x1024.webp 576w, https:\/\/www.lucni-kviti.cz\/wp-content\/uploads\/2025\/05\/pivonky_ruze_kontryhel_1-169x300.webp 169w, https:\/\/www.lucni-kviti.cz\/wp-content\/uploads\/2025\/05\/pivonky_ruze_kontryhel_1-768x1366.webp 768w, https:\/\/www.lucni-kviti.cz\/wp-content\/uploads\/2025\/05\/pivonky_ruze_kontryhel_1-863x1536.webp 863w, https:\/\/www.lucni-kviti.cz\/wp-content\/uploads\/2025\/05\/pivonky_ruze_kontryhel_1-1151x2048.webp 1151w, https:\/\/www.lucni-kviti.cz\/wp-content\/uploads\/2025\/05\/pivonky_ruze_kontryhel_1-scaled.webp 1439w\" sizes=\"auto, (max-width: 576px) 100vw, 576px\" \/><figcaption class=\"wp-element-caption\">Pivo\u0148ky, r\u016f\u017ee a kontryhel<\/figcaption><\/figure>\n\n\n\n<figure class=\"wp-block-image size-large\"><img loading=\"lazy\" decoding=\"async\" width=\"576\" height=\"1024\" src=\"https:\/\/www.lucni-kviti.cz\/wp-content\/uploads\/2025\/05\/pivonky_ruze_kontryhel-576x1024.webp\" alt=\"\" class=\"wp-image-144\" srcset=\"https:\/\/www.lucni-kviti.cz\/wp-content\/uploads\/2025\/05\/pivonky_ruze_kontryhel-576x1024.webp 576w, https:\/\/www.lucni-kviti.cz\/wp-content\/uploads\/2025\/05\/pivonky_ruze_kontryhel-169x300.webp 169w, https:\/\/www.lucni-kviti.cz\/wp-content\/uploads\/2025\/05\/pivonky_ruze_kontryhel-768x1366.webp 768w, https:\/\/www.lucni-kviti.cz\/wp-content\/uploads\/2025\/05\/pivonky_ruze_kontryhel-863x1536.webp 863w, https:\/\/www.lucni-kviti.cz\/wp-content\/uploads\/2025\/05\/pivonky_ruze_kontryhel-1151x2048.webp 1151w, https:\/\/www.lucni-kviti.cz\/wp-content\/uploads\/2025\/05\/pivonky_ruze_kontryhel-scaled.webp 1439w\" sizes=\"auto, (max-width: 576px) 100vw, 576px\" \/><figcaption class=\"wp-element-caption\">Pivo\u0148ky, r\u016f\u017ee a kontryhel<\/figcaption><\/figure>\n\n\n\n<h2 class=\"wp-block-heading\">Narcisy<\/h2>\n\n\n\n<figure class=\"wp-block-image size-large\"><img loading=\"lazy\" decoding=\"async\" width=\"779\" height=\"1024\" src=\"https:\/\/www.lucni-kviti.cz\/wp-content\/uploads\/2025\/04\/20250329_085525-779x1024.webp\" alt=\"29 narcis\u016f\" class=\"wp-image-119\" srcset=\"https:\/\/www.lucni-kviti.cz\/wp-content\/uploads\/2025\/04\/20250329_085525-779x1024.webp 779w, https:\/\/www.lucni-kviti.cz\/wp-content\/uploads\/2025\/04\/20250329_085525-228x300.webp 228w, https:\/\/www.lucni-kviti.cz\/wp-content\/uploads\/2025\/04\/20250329_085525-768x1010.webp 768w, https:\/\/www.lucni-kviti.cz\/wp-content\/uploads\/2025\/04\/20250329_085525-1169x1536.webp 1169w, https:\/\/www.lucni-kviti.cz\/wp-content\/uploads\/2025\/04\/20250329_085525-1558x2048.webp 1558w, https:\/\/www.lucni-kviti.cz\/wp-content\/uploads\/2025\/04\/20250329_085525-scaled.webp 1948w\" sizes=\"auto, (max-width: 779px) 100vw, 779px\" \/><figcaption class=\"wp-element-caption\">Narozeninov\u00fdch 29 narcis\u016f <\/figcaption><\/figure>\n\n\n\n<figure class=\"wp-block-image size-large\"><img loading=\"lazy\" decoding=\"async\" width=\"790\" height=\"1024\" src=\"https:\/\/www.lucni-kviti.cz\/wp-content\/uploads\/2025\/04\/20250329_085511-790x1024.webp\" alt=\"\" class=\"wp-image-118\" srcset=\"https:\/\/www.lucni-kviti.cz\/wp-content\/uploads\/2025\/04\/20250329_085511-790x1024.webp 790w, https:\/\/www.lucni-kviti.cz\/wp-content\/uploads\/2025\/04\/20250329_085511-231x300.webp 231w, https:\/\/www.lucni-kviti.cz\/wp-content\/uploads\/2025\/04\/20250329_085511-768x995.webp 768w, https:\/\/www.lucni-kviti.cz\/wp-content\/uploads\/2025\/04\/20250329_085511-1185x1536.webp 1185w, https:\/\/www.lucni-kviti.cz\/wp-content\/uploads\/2025\/04\/20250329_085511-1580x2048.webp 1580w, https:\/\/www.lucni-kviti.cz\/wp-content\/uploads\/2025\/04\/20250329_085511-scaled.webp 1975w\" sizes=\"auto, (max-width: 790px) 100vw, 790px\" \/><\/figure>\n\n\n\n<figure class=\"wp-block-image size-large\"><img loading=\"lazy\" decoding=\"async\" width=\"845\" height=\"1024\" src=\"https:\/\/www.lucni-kviti.cz\/wp-content\/uploads\/2025\/04\/20240319_163618-845x1024.webp\" alt=\"... a ta v\u016fn\u011b...\" class=\"wp-image-117\" srcset=\"https:\/\/www.lucni-kviti.cz\/wp-content\/uploads\/2025\/04\/20240319_163618-845x1024.webp 845w, https:\/\/www.lucni-kviti.cz\/wp-content\/uploads\/2025\/04\/20240319_163618-248x300.webp 248w, https:\/\/www.lucni-kviti.cz\/wp-content\/uploads\/2025\/04\/20240319_163618-768x930.webp 768w, https:\/\/www.lucni-kviti.cz\/wp-content\/uploads\/2025\/04\/20240319_163618-1268x1536.webp 1268w, https:\/\/www.lucni-kviti.cz\/wp-content\/uploads\/2025\/04\/20240319_163618-1691x2048.webp 1691w\" sizes=\"auto, (max-width: 845px) 100vw, 845px\" \/><figcaption class=\"wp-element-caption\">&#8230; a ta v\u016fn\u011b&#8230;<\/figcaption><\/figure>\n\n\n\n<figure class=\"wp-block-image size-large\"><img loading=\"lazy\" decoding=\"async\" width=\"710\" height=\"1024\" src=\"https:\/\/www.lucni-kviti.cz\/wp-content\/uploads\/2025\/04\/20240319_163550-710x1024.webp\" alt=\"\" class=\"wp-image-116\" srcset=\"https:\/\/www.lucni-kviti.cz\/wp-content\/uploads\/2025\/04\/20240319_163550-710x1024.webp 710w, https:\/\/www.lucni-kviti.cz\/wp-content\/uploads\/2025\/04\/20240319_163550-208x300.webp 208w, https:\/\/www.lucni-kviti.cz\/wp-content\/uploads\/2025\/04\/20240319_163550-768x1108.webp 768w, https:\/\/www.lucni-kviti.cz\/wp-content\/uploads\/2025\/04\/20240319_163550-1064x1536.webp 1064w, https:\/\/www.lucni-kviti.cz\/wp-content\/uploads\/2025\/04\/20240319_163550-1419x2048.webp 1419w, https:\/\/www.lucni-kviti.cz\/wp-content\/uploads\/2025\/04\/20240319_163550-scaled.webp 1774w\" sizes=\"auto, (max-width: 710px) 100vw, 710px\" \/><figcaption class=\"wp-element-caption\">Jaro ve v\u00e1ze<\/figcaption><\/figure>\n\n\n\n<figure class=\"wp-block-image size-large\"><img loading=\"lazy\" decoding=\"async\" width=\"576\" height=\"1024\" src=\"https:\/\/www.lucni-kviti.cz\/wp-content\/uploads\/2025\/04\/20240314_133557-576x1024.webp\" alt=\"Dra\u010d\u00ed vejce ;-)\" class=\"wp-image-114\" srcset=\"https:\/\/www.lucni-kviti.cz\/wp-content\/uploads\/2025\/04\/20240314_133557-576x1024.webp 576w, https:\/\/www.lucni-kviti.cz\/wp-content\/uploads\/2025\/04\/20240314_133557-169x300.webp 169w, https:\/\/www.lucni-kviti.cz\/wp-content\/uploads\/2025\/04\/20240314_133557-768x1366.webp 768w, https:\/\/www.lucni-kviti.cz\/wp-content\/uploads\/2025\/04\/20240314_133557-863x1536.webp 863w, https:\/\/www.lucni-kviti.cz\/wp-content\/uploads\/2025\/04\/20240314_133557-1151x2048.webp 1151w, https:\/\/www.lucni-kviti.cz\/wp-content\/uploads\/2025\/04\/20240314_133557-scaled.webp 1439w\" sizes=\"auto, (max-width: 576px) 100vw, 576px\" \/><figcaption class=\"wp-element-caption\">Dra\u010d\u00ed vejce \ud83d\ude09<\/figcaption><\/figure>\n\n\n\n<figure class=\"wp-block-image size-large\"><img loading=\"lazy\" decoding=\"async\" width=\"773\" height=\"1024\" src=\"https:\/\/www.lucni-kviti.cz\/wp-content\/uploads\/2025\/04\/20220502_183541-773x1024.webp\" alt=\"Tro\u0161ku struktur\u00e1ln\u011bj\u0161\u00ed vazba\" class=\"wp-image-113\" srcset=\"https:\/\/www.lucni-kviti.cz\/wp-content\/uploads\/2025\/04\/20220502_183541-773x1024.webp 773w, https:\/\/www.lucni-kviti.cz\/wp-content\/uploads\/2025\/04\/20220502_183541-227x300.webp 227w, https:\/\/www.lucni-kviti.cz\/wp-content\/uploads\/2025\/04\/20220502_183541-768x1017.webp 768w, https:\/\/www.lucni-kviti.cz\/wp-content\/uploads\/2025\/04\/20220502_183541-1160x1536.webp 1160w, https:\/\/www.lucni-kviti.cz\/wp-content\/uploads\/2025\/04\/20220502_183541-1547x2048.webp 1547w, https:\/\/www.lucni-kviti.cz\/wp-content\/uploads\/2025\/04\/20220502_183541-scaled.webp 1933w\" sizes=\"auto, (max-width: 773px) 100vw, 773px\" \/><figcaption class=\"wp-element-caption\">Tro\u0161ku struktur\u00e1ln\u011bj\u0161\u00ed vazba<\/figcaption><\/figure>\n\n\n\n<figure class=\"wp-block-image size-large\"><img loading=\"lazy\" decoding=\"async\" width=\"576\" height=\"1024\" src=\"https:\/\/www.lucni-kviti.cz\/wp-content\/uploads\/2025\/05\/20240406_105034-576x1024.webp\" alt=\"\" class=\"wp-image-165\" srcset=\"https:\/\/www.lucni-kviti.cz\/wp-content\/uploads\/2025\/05\/20240406_105034-576x1024.webp 576w, https:\/\/www.lucni-kviti.cz\/wp-content\/uploads\/2025\/05\/20240406_105034-169x300.webp 169w, https:\/\/www.lucni-kviti.cz\/wp-content\/uploads\/2025\/05\/20240406_105034-768x1366.webp 768w, https:\/\/www.lucni-kviti.cz\/wp-content\/uploads\/2025\/05\/20240406_105034-863x1536.webp 863w, https:\/\/www.lucni-kviti.cz\/wp-content\/uploads\/2025\/05\/20240406_105034-1151x2048.webp 1151w, https:\/\/www.lucni-kviti.cz\/wp-content\/uploads\/2025\/05\/20240406_105034-scaled.webp 1439w\" sizes=\"auto, (max-width: 576px) 100vw, 576px\" \/><figcaption class=\"wp-element-caption\">Narcisy nejsou jen \u017elut\u00e9<\/figcaption><\/figure>\n\n\n\n<figure class=\"wp-block-image size-large\"><img loading=\"lazy\" decoding=\"async\" width=\"576\" height=\"1024\" src=\"https:\/\/www.lucni-kviti.cz\/wp-content\/uploads\/2025\/05\/20240406_105018-576x1024.webp\" alt=\"\" class=\"wp-image-164\" srcset=\"https:\/\/www.lucni-kviti.cz\/wp-content\/uploads\/2025\/05\/20240406_105018-576x1024.webp 576w, https:\/\/www.lucni-kviti.cz\/wp-content\/uploads\/2025\/05\/20240406_105018-169x300.webp 169w, https:\/\/www.lucni-kviti.cz\/wp-content\/uploads\/2025\/05\/20240406_105018-768x1366.webp 768w, https:\/\/www.lucni-kviti.cz\/wp-content\/uploads\/2025\/05\/20240406_105018-863x1536.webp 863w, https:\/\/www.lucni-kviti.cz\/wp-content\/uploads\/2025\/05\/20240406_105018-1151x2048.webp 1151w, https:\/\/www.lucni-kviti.cz\/wp-content\/uploads\/2025\/05\/20240406_105018-scaled.webp 1439w\" sizes=\"auto, (max-width: 576px) 100vw, 576px\" \/><\/figure>\n","protected":false},"excerpt":{"rendered":"<p>Galerie: Kv\u011bten &#8211; \u010das pivon\u011bk Narcisy<\/p>\n","protected":false},"author":1,"featured_media":0,"parent":2,"menu_order":0,"comment_status":"closed","ping_status":"closed","template":"","meta":{"footnotes":""},"class_list":["post-26","page","type-page","status-publish","hentry"],"_links":{"self":[{"href":"https:\/\/www.lucni-kviti.cz\/index.php?rest_route=\/wp\/v2\/pages\/26","targetHints":{"allow":["GET"]}}],"collection":[{"href":"https:\/\/www.lucni-kviti.cz\/index.php?rest_route=\/wp\/v2\/pages"}],"about":[{"href":"https:\/\/www.lucni-kviti.cz\/index.php?rest_route=\/wp\/v2\/types\/page"}],"author":[{"embeddable":true,"href":"https:\/\/www.lucni-kviti.cz\/index.php?rest_route=\/wp\/v2\/users\/1"}],"replies":[{"embeddable":true,"href":"https:\/\/www.lucni-kviti.cz\/index.php?rest_route=%2Fwp%2Fv2%2Fcomments&post=26"}],"version-history":[{"count":5,"href":"https:\/\/www.lucni-kviti.cz\/index.php?rest_route=\/wp\/v2\/pages\/26\/revisions"}],"predecessor-version":[{"id":172,"href":"https:\/\/www.lucni-kviti.cz\/index.php?rest_route=\/wp\/v2\/pages\/26\/revisions\/172"}],"up":[{"embeddable":true,"href":"https:\/\/www.lucni-kviti.cz\/index.php?rest_route=\/wp\/v2\/pages\/2"}],"wp:attachment":[{"href":"https:\/\/www.lucni-kviti.cz\/index.php?rest_route=%2Fwp%2Fv2%2Fmedia&parent=26"}],"curies":[{"name":"wp","href":"https:\/\/api.w.org\/{rel}","templated":true}]}}