{"id":24,"date":"2024-12-25T20:25:20","date_gmt":"2024-12-25T19:25:20","guid":{"rendered":"https:\/\/www.lucni-kviti.cz\/?page_id=24"},"modified":"2025-05-06T07:47:15","modified_gmt":"2025-05-06T05:47:15","slug":"jak-objednat","status":"publish","type":"page","link":"https:\/\/www.lucni-kviti.cz\/?page_id=24","title":{"rendered":"Jak objednat"},"content":{"rendered":"\n<div class=\"wp-block-group alignfull has-accent-background-color has-background has-global-padding is-layout-constrained wp-container-core-group-is-layout-669513ed wp-block-group-is-layout-constrained\" style=\"margin-top:0;margin-bottom:0;padding-top:var(--wp--preset--spacing--50);padding-right:var(--wp--preset--spacing--50);padding-bottom:var(--wp--preset--spacing--50);padding-left:var(--wp--preset--spacing--50)\">\n<div class=\"wp-block-columns alignwide is-layout-flex wp-container-core-columns-is-layout-1da03c2a wp-block-columns-is-layout-flex\">\n<div class=\"wp-block-column is-vertically-aligned-stretch is-layout-flow wp-block-column-is-layout-flow\" style=\"flex-basis:50%\">\n<div class=\"wp-block-group has-global-padding is-content-justification-left is-layout-constrained wp-container-core-group-is-layout-dc37ffa9 wp-block-group-is-layout-constrained\">\n<p class=\"wp-container-content-0733e5d0\">Vzhledem k&nbsp;lok\u00e1ln\u00edmu charakteru nab\u00eddky nem\u00e1me e-shop. Kytice a ostatn\u00ed produkty nab\u00edz\u00edme v&nbsp;Brn\u011b a bl\u00edzk\u00e9m okol\u00ed.<\/p>\n\n\n\n<p><strong>Objedn\u00e1vejte pros\u00edm nejl\u00e9pe aspo\u0148 dva dny p\u0159edem telefonicky na \u010d\u00edsle<\/strong><\/p>\n\n\n\n<p class=\"has-text-align-center\"><strong>605 96 56 06<\/strong><\/p>\n\n\n\n<p>Domluv\u00edme se na druhu a slo\u017een\u00ed kytice, jej\u00ed velikosti, cen\u011b a doru\u010den\u00ed. <strong>Aktu\u00e1ln\u00ed nab\u00eddka je na hlavn\u00ed str\u00e1nce v&nbsp;sekci Pr\u00e1v\u011b te\u010f.<\/strong><\/p>\n\n\n\n<p>Lze samoz\u0159ejm\u011b uv\u00e1zat i jin\u00e9 kytice, v\u011bnce \u010di dekorace, kter\u00e9 V\u00e1s zaujaly t\u0159eba ve Fotogalerii, pokud je ale zrovna to spr\u00e1vn\u00e9 ro\u010dn\u00ed obdob\u00ed \u2013 narcisy v&nbsp;srpnu bohu\u017eel nevy\u010darujeme\u2026<\/p>\n\n\n\n<p>Kv\u011btiny ne\u0159e\u017eeme do z\u00e1soby, ka\u017ed\u00e1 kytice je p\u0159ipravena z&nbsp;\u010derstv\u011b sklizen\u00fdch kv\u011btin, tak\u017ee vydr\u017e\u00ed mnohem d\u00e9le ne\u017e b\u011b\u017en\u00e9 kytice z&nbsp;kv\u011btin\u00e1\u0159stv\u00ed. Proto ale tak\u00e9 pot\u0159ebujeme v\u011bd\u011bt o objedn\u00e1vce nejl\u00e9pe aspo\u0148 dva dny dop\u0159edu.<\/p>\n\n\n\n<p class=\"wp-container-content-0733e5d0\">Kytice jsou bu\u010f k&nbsp;vyzvednut\u00ed na adrese L\u00edsky 21, Brno \u2013 Kom\u00edn, nebo V\u00e1m je p\u0159ivezeme. Pro Kom\u00edn, \u017dabov\u0159esky, Jundrov, Bystrc, Kn\u00edni\u010dky a pro mimobrn\u011bnsk\u00e9 Jina\u010dovice, Rozdrojovice a Moravsk\u00e9 Kn\u00ednice je doru\u010den\u00ed zdarma. Do jin\u00fdch \u010d\u00e1st\u00ed Brna je cena doru\u010den\u00ed 100 K\u010d. Kytice (nebo cokoli jin\u00e9ho z&nbsp;nab\u00eddky) nad 1 000 K\u010d V\u00e1m doru\u010d\u00edme zdarma po cel\u00e9m Brn\u011b (a samoz\u0159ejm\u011b i do Jina\u010dovic, Rozdrojovic a Moravsk\u00fdch Kn\u00ednic).<\/p>\n<\/div>\n<\/div>\n\n\n\n<div class=\"wp-block-column is-vertically-aligned-center is-layout-flow wp-block-column-is-layout-flow\" style=\"flex-basis:50%\">\n<figure class=\"wp-block-image size-full is-style-rounded is-style-rounded--1\"><img loading=\"lazy\" decoding=\"async\" width=\"1439\" height=\"2560\" src=\"https:\/\/www.lucni-kviti.cz\/wp-content\/uploads\/2025\/05\/kopretiny_zvonky-scaled.webp\" alt=\"\" class=\"wp-image-134\" style=\"aspect-ratio:3\/4;object-fit:cover\" srcset=\"https:\/\/www.lucni-kviti.cz\/wp-content\/uploads\/2025\/05\/kopretiny_zvonky-scaled.webp 1439w, https:\/\/www.lucni-kviti.cz\/wp-content\/uploads\/2025\/05\/kopretiny_zvonky-169x300.webp 169w, https:\/\/www.lucni-kviti.cz\/wp-content\/uploads\/2025\/05\/kopretiny_zvonky-576x1024.webp 576w, https:\/\/www.lucni-kviti.cz\/wp-content\/uploads\/2025\/05\/kopretiny_zvonky-768x1366.webp 768w, https:\/\/www.lucni-kviti.cz\/wp-content\/uploads\/2025\/05\/kopretiny_zvonky-863x1536.webp 863w, https:\/\/www.lucni-kviti.cz\/wp-content\/uploads\/2025\/05\/kopretiny_zvonky-1151x2048.webp 1151w\" sizes=\"auto, (max-width: 1439px) 100vw, 1439px\" \/><\/figure>\n<\/div>\n<\/div>\n<\/div>\n","protected":false},"excerpt":{"rendered":"<p>Vzhledem k&nbsp;lok\u00e1ln\u00edmu charakteru nab\u00eddky nem\u00e1me e-shop. Kytice a ostatn\u00ed produkty nab\u00edz\u00edme v&nbsp;Brn\u011b a bl\u00edzk\u00e9m okol\u00ed. Objedn\u00e1vejte pros\u00edm nejl\u00e9pe aspo\u0148 dva dny p\u0159edem telefonicky na \u010d\u00edsle 605 96 56 06 Domluv\u00edme se na druhu a slo\u017een\u00ed kytice, jej\u00ed velikosti, cen\u011b a doru\u010den\u00ed. Aktu\u00e1ln\u00ed nab\u00eddka je na hlavn\u00ed str\u00e1nce v&nbsp;sekci Pr\u00e1v\u011b te\u010f. Lze samoz\u0159ejm\u011b uv\u00e1zat i jin\u00e9 [&hellip;]<\/p>\n","protected":false},"author":1,"featured_media":0,"parent":2,"menu_order":0,"comment_status":"closed","ping_status":"closed","template":"","meta":{"footnotes":""},"class_list":["post-24","page","type-page","status-publish","hentry"],"_links":{"self":[{"href":"https:\/\/www.lucni-kviti.cz\/index.php?rest_route=\/wp\/v2\/pages\/24","targetHints":{"allow":["GET"]}}],"collection":[{"href":"https:\/\/www.lucni-kviti.cz\/index.php?rest_route=\/wp\/v2\/pages"}],"about":[{"href":"https:\/\/www.lucni-kviti.cz\/index.php?rest_route=\/wp\/v2\/types\/page"}],"author":[{"embeddable":true,"href":"https:\/\/www.lucni-kviti.cz\/index.php?rest_route=\/wp\/v2\/users\/1"}],"replies":[{"embeddable":true,"href":"https:\/\/www.lucni-kviti.cz\/index.php?rest_route=%2Fwp%2Fv2%2Fcomments&post=24"}],"version-history":[{"count":4,"href":"https:\/\/www.lucni-kviti.cz\/index.php?rest_route=\/wp\/v2\/pages\/24\/revisions"}],"predecessor-version":[{"id":148,"href":"https:\/\/www.lucni-kviti.cz\/index.php?rest_route=\/wp\/v2\/pages\/24\/revisions\/148"}],"up":[{"embeddable":true,"href":"https:\/\/www.lucni-kviti.cz\/index.php?rest_route=\/wp\/v2\/pages\/2"}],"wp:attachment":[{"href":"https:\/\/www.lucni-kviti.cz\/index.php?rest_route=%2Fwp%2Fv2%2Fmedia&parent=24"}],"curies":[{"name":"wp","href":"https:\/\/api.w.org\/{rel}","templated":true}]}}