{"id":2,"date":"2024-11-10T17:03:07","date_gmt":"2024-11-10T16:03:07","guid":{"rendered":"https:\/\/www.lucni-kviti.cz\/?page_id=2"},"modified":"2025-04-09T18:17:20","modified_gmt":"2025-04-09T16:17:20","slug":"menu","status":"publish","type":"page","link":"https:\/\/www.lucni-kviti.cz\/","title":{"rendered":"Menu"},"content":{"rendered":"\n<div style=\"height:12px\" aria-hidden=\"true\" class=\"wp-block-spacer\"><\/div>\n\n\n\n<p class=\"has-border-color has-custom-color-2-gradient-background has-background\" style=\"border-color:#c2a990;border-radius:8px;padding-top:var(--wp--preset--spacing--10);padding-right:var(--wp--preset--spacing--10);padding-bottom:var(--wp--preset--spacing--10);padding-left:var(--wp--preset--spacing--10);font-size:0.8rem\"><em>V\u00edtejte na na\u0161ich webov\u00fdch str\u00e1nk\u00e1ch! Tvo\u0159\u00edme si je sami, u\u010d\u00edme se za pochodu a prokous\u00e1v\u00e1me se t\u00edm asi jako my\u0161 armovan\u00fdm betonem&#8230; Douf\u00e1me, \u017ee se budeme postupn\u011b zlep\u0161ovat a str\u00e1nky budou pou\u017eiteln\u011bj\u0161\u00ed a p\u0159\u00edjemn\u011bj\u0161\u00ed.<\/em><\/p>\n\n\n\n<div style=\"height:12px\" aria-hidden=\"true\" class=\"wp-block-spacer\"><\/div>\n\n\n\n<div class=\"wp-block-columns is-layout-flex wp-container-core-columns-is-layout-28f84493 wp-block-columns-is-layout-flex\">\n<div class=\"wp-block-column has-accent-background-color has-background is-layout-flow wp-block-column-is-layout-flow\" style=\"padding-top:var(--wp--preset--spacing--10);padding-right:var(--wp--preset--spacing--10);padding-bottom:var(--wp--preset--spacing--10);padding-left:var(--wp--preset--spacing--10);box-shadow:var(--wp--preset--shadow--natural);flex-basis:66.66%\">\n<h3 class=\"wp-block-heading\">Pr\u00e1v\u011b te\u010f<\/h3>\n\n\n<ul class=\"wp-block-latest-posts__list has-dates wp-block-latest-posts\"><li><div class=\"wp-block-latest-posts__featured-image\"><a href=\"https:\/\/www.lucni-kviti.cz\/?p=149\" aria-label=\"Jak (si) vybrat pivo\u0148ku\"><img loading=\"lazy\" decoding=\"async\" width=\"300\" height=\"247\" src=\"https:\/\/www.lucni-kviti.cz\/wp-content\/uploads\/2025\/05\/duchesse-de-nemours-300x247.webp\" class=\"attachment-medium size-medium wp-post-image\" alt=\"\" style=\"\" srcset=\"https:\/\/www.lucni-kviti.cz\/wp-content\/uploads\/2025\/05\/duchesse-de-nemours-300x247.webp 300w, https:\/\/www.lucni-kviti.cz\/wp-content\/uploads\/2025\/05\/duchesse-de-nemours.webp 729w\" sizes=\"auto, (max-width: 300px) 100vw, 300px\" \/><\/a><\/div><a class=\"wp-block-latest-posts__post-title\" href=\"https:\/\/www.lucni-kviti.cz\/?p=149\">Jak (si) vybrat pivo\u0148ku<\/a><time datetime=\"2025-05-06T08:18:04+02:00\" class=\"wp-block-latest-posts__post-date\">6. 5. 2025<\/time><div class=\"wp-block-latest-posts__post-excerpt\">\u010cas pivon\u011bk je t\u00e9m\u011b\u0159 za dve\u0159mi. Pokud byste si r\u00e1di po\u0159\u00eddili na zahradu tyto kr\u00e1sky s&nbsp;nad\u00fdchan\u00fdmi spodni\u010dkami a v\u00e1h\u00e1te, kterou zvolit, m\u011bla bych tady p\u00e1r praktick\u00fdch tip\u016f.Pivon\u011bk je asi 35 druh\u016f a spooousta kultivar\u016f. Jsou to vytrval\u00e9 byliny, ke\u0159e nebo poloke\u0159e. Nebudu v\u016fbec zach\u00e1zet do botanick\u00fdch podrobnost\u00ed, proto\u017ee ty si ka\u017ed\u00fd vyhled\u00e1 na Wikipedii, ale budu to br\u00e1t \u010dist\u011b z&nbsp;hlediska\u2026 <a class=\"wp-block-latest-posts__read-more\" href=\"https:\/\/www.lucni-kviti.cz\/?p=149\" rel=\"noopener noreferrer\">V\u00edce informac\u00ed<span class=\"screen-reader-text\">: Jak (si) vybrat pivo\u0148ku<\/span><\/a><\/div><\/li>\n<\/ul>\n\n\n<h3 class=\"wp-block-heading\">Star\u0161\u00ed p\u0159\u00edsp\u011bvky<\/h3>\n\n\n<ul class=\"wp-block-latest-posts__list has-dates wp-block-latest-posts\"><li><a class=\"wp-block-latest-posts__post-title\" href=\"https:\/\/www.lucni-kviti.cz\/?p=149\">Jak (si) vybrat pivo\u0148ku<\/a><time datetime=\"2025-05-06T08:18:04+02:00\" class=\"wp-block-latest-posts__post-date\">6. 5. 2025<\/time><\/li>\n<li><a class=\"wp-block-latest-posts__post-title\" href=\"https:\/\/www.lucni-kviti.cz\/?p=109\">Narcisy zah\u00e1jily sez\u00f3nu<\/a><time datetime=\"2025-04-05T21:57:22+02:00\" class=\"wp-block-latest-posts__post-date\">5. 4. 2025<\/time><\/li>\n<li><a class=\"wp-block-latest-posts__post-title\" href=\"https:\/\/www.lucni-kviti.cz\/?p=61\">Ji\u017e za 353 dn\u00ed jsou V\u00e1noce<\/a><time datetime=\"2025-01-05T18:00:00+01:00\" class=\"wp-block-latest-posts__post-date\">5. 1. 2025<\/time><\/li>\n<\/ul><\/div>\n\n\n\n<div class=\"wp-block-column has-accent-background-color has-background is-layout-flow wp-block-column-is-layout-flow\" style=\"padding-top:var(--wp--preset--spacing--10);padding-right:var(--wp--preset--spacing--10);padding-bottom:var(--wp--preset--spacing--10);padding-left:var(--wp--preset--spacing--10);box-shadow:var(--wp--preset--shadow--natural);flex-basis:33.33%\">\n<h3 class=\"wp-block-heading\">St\u00e1l\u00e1 nab\u00eddka<\/h3>\n\n\n\n<p>R\u00e1di pro V\u00e1s uv\u00e1\u017eeme kytici nebo vyrob\u00edme kv\u011btinov\u00e9 dekorace z toho, co n\u00e1m pr\u00e1v\u011b roste a kvete.<\/p>\n\n\n\n<p>Nez\u00e1visle na ro\u010dn\u00edm obdob\u00ed s n\u00e1mi ale m\u016f\u017eete podnikat spoustu v\u011bc\u00ed: u\u010dit se v\u00e1zat v\u011bnce, kytice, vytv\u00e1\u0159et kv\u011btinov\u00e9 dekorace &#8211; a nebo se prost\u011b jen pot\u011b\u0161te obr\u00e1zky z <strong>Galerie<\/strong> \u010di se nechte inspirovat v sekci <strong>Inspirace a d\u00e1rky<\/strong>.<\/p>\n\n\n\n<p><\/p>\n<\/div>\n<\/div>\n\n\n\n<p><\/p>\n","protected":false},"excerpt":{"rendered":"<p>V\u00edtejte na na\u0161ich webov\u00fdch str\u00e1nk\u00e1ch! Tvo\u0159\u00edme si je sami, u\u010d\u00edme se za pochodu a prokous\u00e1v\u00e1me se t\u00edm asi jako my\u0161 armovan\u00fdm betonem&#8230; Douf\u00e1me, \u017ee se budeme postupn\u011b zlep\u0161ovat a str\u00e1nky budou pou\u017eiteln\u011bj\u0161\u00ed a p\u0159\u00edjemn\u011bj\u0161\u00ed. Pr\u00e1v\u011b te\u010f Star\u0161\u00ed p\u0159\u00edsp\u011bvky St\u00e1l\u00e1 nab\u00eddka R\u00e1di pro V\u00e1s uv\u00e1\u017eeme kytici nebo vyrob\u00edme kv\u011btinov\u00e9 dekorace z toho, co n\u00e1m pr\u00e1v\u011b roste [&hellip;]<\/p>\n","protected":false},"author":1,"featured_media":44,"parent":0,"menu_order":0,"comment_status":"closed","ping_status":"closed","template":"page-no-title","meta":{"footnotes":""},"class_list":["post-2","page","type-page","status-publish","has-post-thumbnail","hentry"],"_links":{"self":[{"href":"https:\/\/www.lucni-kviti.cz\/index.php?rest_route=\/wp\/v2\/pages\/2","targetHints":{"allow":["GET"]}}],"collection":[{"href":"https:\/\/www.lucni-kviti.cz\/index.php?rest_route=\/wp\/v2\/pages"}],"about":[{"href":"https:\/\/www.lucni-kviti.cz\/index.php?rest_route=\/wp\/v2\/types\/page"}],"author":[{"embeddable":true,"href":"https:\/\/www.lucni-kviti.cz\/index.php?rest_route=\/wp\/v2\/users\/1"}],"replies":[{"embeddable":true,"href":"https:\/\/www.lucni-kviti.cz\/index.php?rest_route=%2Fwp%2Fv2%2Fcomments&post=2"}],"version-history":[{"count":26,"href":"https:\/\/www.lucni-kviti.cz\/index.php?rest_route=\/wp\/v2\/pages\/2\/revisions"}],"predecessor-version":[{"id":129,"href":"https:\/\/www.lucni-kviti.cz\/index.php?rest_route=\/wp\/v2\/pages\/2\/revisions\/129"}],"wp:featuredmedia":[{"embeddable":true,"href":"https:\/\/www.lucni-kviti.cz\/index.php?rest_route=\/wp\/v2\/media\/44"}],"wp:attachment":[{"href":"https:\/\/www.lucni-kviti.cz\/index.php?rest_route=%2Fwp%2Fv2%2Fmedia&parent=2"}],"curies":[{"name":"wp","href":"https:\/\/api.w.org\/{rel}","templated":true}]}}